{"id":549,"date":"2025-12-18T13:35:25","date_gmt":"2025-12-18T13:35:25","guid":{"rendered":"https:\/\/dev1.thermengemeinschaft.de\/?page_id=549"},"modified":"2025-12-22T21:02:47","modified_gmt":"2025-12-22T21:02:47","slug":"europa-therme-2","status":"publish","type":"page","link":"https:\/\/dev1.thermengemeinschaft.de\/?page_id=549","title":{"rendered":"Europa Therme"},"content":{"rendered":"\t\t<div data-elementor-type=\"wp-page\" data-elementor-id=\"549\" class=\"elementor elementor-549\" data-elementor-post-type=\"page\">\n\t\t\t\t<div class=\"elementor-element elementor-element-9999f41 e-con-full e-flex e-con e-parent\" data-id=\"9999f41\" data-element_type=\"container\">\n\t\t\t\t<div class=\"elementor-element elementor-element-0d74edb elementor-widget elementor-widget-image\" data-id=\"0d74edb\" data-element_type=\"widget\" data-widget_type=\"image.default\">\n\t\t\t\t\t\t\t\t\t\t\t\t\t\t\t<img fetchpriority=\"high\" decoding=\"async\" width=\"2358\" height=\"1328\" src=\"https:\/\/dev1.thermengemeinschaft.de\/wp-content\/uploads\/2025\/12\/europatherme-therme.jpg\" class=\"attachment-full size-full wp-image-519\" alt=\"\" srcset=\"https:\/\/dev1.thermengemeinschaft.de\/wp-content\/uploads\/2025\/12\/europatherme-therme.jpg 2358w, https:\/\/dev1.thermengemeinschaft.de\/wp-content\/uploads\/2025\/12\/europatherme-therme-300x169.jpg 300w, https:\/\/dev1.thermengemeinschaft.de\/wp-content\/uploads\/2025\/12\/europatherme-therme-1024x577.jpg 1024w, https:\/\/dev1.thermengemeinschaft.de\/wp-content\/uploads\/2025\/12\/europatherme-therme-768x433.jpg 768w, https:\/\/dev1.thermengemeinschaft.de\/wp-content\/uploads\/2025\/12\/europatherme-therme-1536x865.jpg 1536w, https:\/\/dev1.thermengemeinschaft.de\/wp-content\/uploads\/2025\/12\/europatherme-therme-2048x1153.jpg 2048w\" sizes=\"(max-width: 2358px) 100vw, 2358px\" \/>\t\t\t\t\t\t\t\t\t\t\t\t\t\t\t<\/div>\n\t\t\t\t<\/div>\n\t\t<div class=\"elementor-element elementor-element-28716508 e-flex e-con-boxed e-con e-parent\" data-id=\"28716508\" data-element_type=\"container\">\n\t\t\t\t\t<div class=\"e-con-inner\">\n\t\t\t\t<div class=\"elementor-element elementor-element-20c9836 elementor-widget elementor-widget-heading\" data-id=\"20c9836\" data-element_type=\"widget\" data-widget_type=\"heading.default\">\n\t\t\t\t\t<h2 class=\"elementor-heading-title elementor-size-default\">Die Europa Therme in Bad F\u00fcssing<\/h2>\t\t\t\t<\/div>\n\t\t\t\t<div class=\"elementor-element elementor-element-c87da9f elementor-widget elementor-widget-heading\" data-id=\"c87da9f\" data-element_type=\"widget\" data-widget_type=\"heading.default\">\n\t\t\t\t\t<h2 class=\"elementor-heading-title elementor-size-default\">Ihr Wohlf\u00fchlparadies zum Aufbl\u00fchen<\/h2>\t\t\t\t<\/div>\n\t\t\t\t<div class=\"elementor-element elementor-element-5b19afab elementor-widget elementor-widget-text-editor\" data-id=\"5b19afab\" data-element_type=\"widget\" data-widget_type=\"text-editor.default\">\n\t\t\t\t\t\t\t\t\t<p>Die Europa Therme ist\u00a0eine der gr\u00f6\u00dften <a href=\"https:\/\/www.europatherme.de\/therme\/bayern\/\">Thermen in Bayern<\/a> und l\u00e4dt mit einer gro\u00dfen Vielfalt an Freiluftbecken, Hallenb\u00e4dern und Wohlf\u00fchlbereichen zum Ausspannen und Tr\u00e4umen ein. Genie\u00dfen Sie das angenehm hei\u00dfe Wasser und unsere verw\u00f6hnenden Massaged\u00fcsen im Schwefel-Gas-Becken der Europa Therme.<\/p><p>Von dort k\u00f6nnen Sie direkt in unseren Str\u00f6mungskanal einsteigen, der Sie mit h\u00f6chster Geschwindigkeit in unser Attraktionsbecken \u201eNymph\u00e4um\u201c treiben l\u00e4sst. Schalten Sie auf einer Perlsprudel-Bank ab, schlie\u00dfen Sie die Augen auf einer der vielen Freiliegefl\u00e4chen oder lassen Sie Ihre Gedanken in unserer 35 Grad warmen Sternenhimmelgrotte schweifen.<\/p>\t\t\t\t\t\t\t\t<\/div>\n\t\t<div class=\"elementor-element elementor-element-9ea7b2d e-con-full e-flex e-con e-child\" data-id=\"9ea7b2d\" data-element_type=\"container\">\n\t\t\t\t<div class=\"elementor-element elementor-element-26a97e2 elementor-widget elementor-widget-text-editor\" data-id=\"26a97e2\" data-element_type=\"widget\" data-widget_type=\"text-editor.default\">\n\t\t\t\t\t\t\t\t\t<p>Angebote<\/p>\t\t\t\t\t\t\t\t<\/div>\n\t\t\t\t<div class=\"elementor-element elementor-element-3ed68e8 elementor-widget elementor-widget-image\" data-id=\"3ed68e8\" data-element_type=\"widget\" data-widget_type=\"image.default\">\n\t\t\t\t\t\t\t\t\t\t\t\t\t\t\t<img decoding=\"async\" width=\"494\" height=\"700\" src=\"https:\/\/dev1.thermengemeinschaft.de\/wp-content\/uploads\/2025\/12\/gutscheinshop.europatherme.jpg\" class=\"attachment-large size-large wp-image-608\" alt=\"\" srcset=\"https:\/\/dev1.thermengemeinschaft.de\/wp-content\/uploads\/2025\/12\/gutscheinshop.europatherme.jpg 494w, https:\/\/dev1.thermengemeinschaft.de\/wp-content\/uploads\/2025\/12\/gutscheinshop.europatherme-212x300.jpg 212w\" sizes=\"(max-width: 494px) 100vw, 494px\" \/>\t\t\t\t\t\t\t\t\t\t\t\t\t\t\t<\/div>\n\t\t\t\t<\/div>\n\t\t\t\t\t<\/div>\n\t\t\t\t<\/div>\n\t\t\t\t<\/div>\n\t\t","protected":false},"excerpt":{"rendered":"<p>Die Europa Therme in Bad F\u00fcssing Ihr Wohlf\u00fchlparadies zum Aufbl\u00fchen Die Europa Therme ist\u00a0eine der gr\u00f6\u00dften Thermen in Bayern und l\u00e4dt mit einer gro\u00dfen Vielfalt an Freiluftbecken, Hallenb\u00e4dern und Wohlf\u00fchlbereichen zum Ausspannen und Tr\u00e4umen ein. Genie\u00dfen Sie das angenehm hei\u00dfe Wasser und unsere verw\u00f6hnenden Massaged\u00fcsen im Schwefel-Gas-Becken der Europa Therme. Von dort k\u00f6nnen Sie direkt [&hellip;]<\/p>\n","protected":false},"author":1,"featured_media":0,"parent":0,"menu_order":0,"comment_status":"closed","ping_status":"closed","template":"","meta":{"footnotes":""},"class_list":["post-549","page","type-page","status-publish","hentry"],"_links":{"self":[{"href":"https:\/\/dev1.thermengemeinschaft.de\/index.php?rest_route=\/wp\/v2\/pages\/549","targetHints":{"allow":["GET"]}}],"collection":[{"href":"https:\/\/dev1.thermengemeinschaft.de\/index.php?rest_route=\/wp\/v2\/pages"}],"about":[{"href":"https:\/\/dev1.thermengemeinschaft.de\/index.php?rest_route=\/wp\/v2\/types\/page"}],"author":[{"embeddable":true,"href":"https:\/\/dev1.thermengemeinschaft.de\/index.php?rest_route=\/wp\/v2\/users\/1"}],"replies":[{"embeddable":true,"href":"https:\/\/dev1.thermengemeinschaft.de\/index.php?rest_route=%2Fwp%2Fv2%2Fcomments&post=549"}],"version-history":[{"count":0,"href":"https:\/\/dev1.thermengemeinschaft.de\/index.php?rest_route=\/wp\/v2\/pages\/549\/revisions"}],"wp:attachment":[{"href":"https:\/\/dev1.thermengemeinschaft.de\/index.php?rest_route=%2Fwp%2Fv2%2Fmedia&parent=549"}],"curies":[{"name":"wp","href":"https:\/\/api.w.org\/{rel}","templated":true}]}}