{"id":416,"date":"2025-12-18T13:57:49","date_gmt":"2025-12-18T13:57:49","guid":{"rendered":"https:\/\/dev1.thermengemeinschaft.de\/?page_id=416"},"modified":"2025-12-22T20:35:27","modified_gmt":"2025-12-22T20:35:27","slug":"home","status":"publish","type":"page","link":"https:\/\/dev1.thermengemeinschaft.de\/","title":{"rendered":"Home"},"content":{"rendered":"\t\t<div data-elementor-type=\"wp-page\" data-elementor-id=\"416\" class=\"elementor elementor-416\" data-elementor-post-type=\"page\">\n\t\t\t\t<div class=\"elementor-element elementor-element-52943d2 e-con-full e-flex e-con e-parent\" data-id=\"52943d2\" data-element_type=\"container\" data-settings=\"{&quot;background_background&quot;:&quot;slideshow&quot;,&quot;background_slideshow_gallery&quot;:[{&quot;id&quot;:513,&quot;url&quot;:&quot;https:\\\/\\\/dev1.thermengemeinschaft.de\\\/wp-content\\\/uploads\\\/2025\\\/12\\\/demo1.png&quot;}],&quot;background_slideshow_loop&quot;:&quot;yes&quot;,&quot;background_slideshow_slide_duration&quot;:5000,&quot;background_slideshow_slide_transition&quot;:&quot;fade&quot;,&quot;background_slideshow_transition_duration&quot;:500}\">\n\t\t\t\t<\/div>\n\t\t<div class=\"elementor-element elementor-element-6f0d6aa e-flex e-con-boxed e-con e-parent\" data-id=\"6f0d6aa\" data-element_type=\"container\">\n\t\t\t\t\t<div class=\"e-con-inner\">\n\t\t<div class=\"elementor-element elementor-element-64fc8ac e-con-full e-flex e-con e-child\" data-id=\"64fc8ac\" data-element_type=\"container\">\n\t\t\t\t<div class=\"elementor-element elementor-element-081b767 elementor-position-top elementor-invisible elementor-widget elementor-widget-image-box\" data-id=\"081b767\" data-element_type=\"widget\" data-settings=\"{&quot;_animation&quot;:&quot;slideInLeft&quot;,&quot;_animation_delay&quot;:500}\" data-widget_type=\"image-box.default\">\n\t\t\t\t\t<div class=\"elementor-image-box-wrapper\"><figure class=\"elementor-image-box-img\"><img fetchpriority=\"high\" decoding=\"async\" width=\"2358\" height=\"1328\" src=\"https:\/\/dev1.thermengemeinschaft.de\/wp-content\/uploads\/2025\/12\/europatherme-therme.jpg\" class=\"attachment-full size-full wp-image-519\" alt=\"\" srcset=\"https:\/\/dev1.thermengemeinschaft.de\/wp-content\/uploads\/2025\/12\/europatherme-therme.jpg 2358w, https:\/\/dev1.thermengemeinschaft.de\/wp-content\/uploads\/2025\/12\/europatherme-therme-300x169.jpg 300w, https:\/\/dev1.thermengemeinschaft.de\/wp-content\/uploads\/2025\/12\/europatherme-therme-1024x577.jpg 1024w, https:\/\/dev1.thermengemeinschaft.de\/wp-content\/uploads\/2025\/12\/europatherme-therme-768x433.jpg 768w, https:\/\/dev1.thermengemeinschaft.de\/wp-content\/uploads\/2025\/12\/europatherme-therme-1536x865.jpg 1536w, https:\/\/dev1.thermengemeinschaft.de\/wp-content\/uploads\/2025\/12\/europatherme-therme-2048x1153.jpg 2048w\" sizes=\"(max-width: 2358px) 100vw, 2358px\" \/><\/figure><div class=\"elementor-image-box-content\"><h3 class=\"elementor-image-box-title\">Europa Therme<\/h3><p class=\"elementor-image-box-description\">Die Europa Therme Bad F\u00fcssing: Wellnessoase in Bayern mit 17 Thermalbecken (27-40\u00b0C), Sauna, Massagen.<\/p><\/div><\/div>\t\t\t\t<\/div>\n\t\t\t\t<\/div>\n\t\t<div class=\"elementor-element elementor-element-aed5237 e-con-full e-flex e-con e-child\" data-id=\"aed5237\" data-element_type=\"container\">\n\t\t\t\t<div class=\"elementor-element elementor-element-e3115dc elementor-position-top elementor-invisible elementor-widget elementor-widget-image-box\" data-id=\"e3115dc\" data-element_type=\"widget\" data-settings=\"{&quot;_animation&quot;:&quot;rotateIn&quot;,&quot;_animation_delay&quot;:500}\" data-widget_type=\"image-box.default\">\n\t\t\t\t\t<div class=\"elementor-image-box-wrapper\"><figure class=\"elementor-image-box-img\"><img decoding=\"async\" width=\"1024\" height=\"658\" src=\"https:\/\/dev1.thermengemeinschaft.de\/wp-content\/uploads\/2025\/12\/wohlfuehltherme.jpg\" class=\"attachment-full size-full wp-image-520\" alt=\"\" srcset=\"https:\/\/dev1.thermengemeinschaft.de\/wp-content\/uploads\/2025\/12\/wohlfuehltherme.jpg 1024w, https:\/\/dev1.thermengemeinschaft.de\/wp-content\/uploads\/2025\/12\/wohlfuehltherme-300x193.jpg 300w, https:\/\/dev1.thermengemeinschaft.de\/wp-content\/uploads\/2025\/12\/wohlfuehltherme-768x494.jpg 768w\" sizes=\"(max-width: 1024px) 100vw, 1024px\" \/><\/figure><div class=\"elementor-image-box-content\"><h3 class=\"elementor-image-box-title\">Wohlf\u00fchl-Therme<\/h3><p class=\"elementor-image-box-description\">Wohlf\u00fchl-Therme Bad Griesbach: Nutzt besonders hei\u00dfes (ca. 60\u00b0C) Mineralwasser aus der tiefen Nikolausquelle. Das Thermalwasser wirkt vitalisierend, st\u00e4rkend und entspannend.<\/p><\/div><\/div>\t\t\t\t<\/div>\n\t\t\t\t<\/div>\n\t\t<div class=\"elementor-element elementor-element-65c8c66 e-con-full e-flex e-con e-child\" data-id=\"65c8c66\" data-element_type=\"container\">\n\t\t\t\t<div class=\"elementor-element elementor-element-bf102f3 elementor-position-top elementor-invisible elementor-widget elementor-widget-image-box\" data-id=\"bf102f3\" data-element_type=\"widget\" data-settings=\"{&quot;_animation&quot;:&quot;slideInRight&quot;,&quot;_animation_delay&quot;:500}\" data-widget_type=\"image-box.default\">\n\t\t\t\t\t<div class=\"elementor-image-box-wrapper\"><figure class=\"elementor-image-box-img\"><img decoding=\"async\" width=\"800\" height=\"434\" src=\"https:\/\/dev1.thermengemeinschaft.de\/wp-content\/uploads\/2025\/12\/rottal-terme.jpg\" class=\"attachment-full size-full wp-image-521\" alt=\"\" srcset=\"https:\/\/dev1.thermengemeinschaft.de\/wp-content\/uploads\/2025\/12\/rottal-terme.jpg 800w, https:\/\/dev1.thermengemeinschaft.de\/wp-content\/uploads\/2025\/12\/rottal-terme-300x163.jpg 300w, https:\/\/dev1.thermengemeinschaft.de\/wp-content\/uploads\/2025\/12\/rottal-terme-768x417.jpg 768w\" sizes=\"(max-width: 800px) 100vw, 800px\" \/><\/figure><div class=\"elementor-image-box-content\"><h3 class=\"elementor-image-box-title\">Rottal Terme<\/h3><p class=\"elementor-image-box-description\">Therme mit \u00fcber 30 Thermalbecken (26-40\u00b0C), 13 Saunen\/Dampfb\u00e4dern und einem 105 m langen Thermenbach. Bietet Wellness, Pr\u00e4vention, Wasserattraktionen und regionale Gastronomie.<\/p><\/div><\/div>\t\t\t\t<\/div>\n\t\t\t\t<\/div>\n\t\t\t\t\t<\/div>\n\t\t\t\t<\/div>\n\t\t<div class=\"elementor-element elementor-element-aa91ccb e-flex e-con-boxed e-con e-parent\" data-id=\"aa91ccb\" data-element_type=\"container\">\n\t\t\t\t\t<div class=\"e-con-inner\">\n\t\t<div class=\"elementor-element elementor-element-89c703c e-con-full e-flex e-con e-child\" data-id=\"89c703c\" data-element_type=\"container\">\n\t\t\t\t<div class=\"elementor-element elementor-element-9b2b113 elementor-position-top elementor-widget elementor-widget-image-box\" data-id=\"9b2b113\" data-element_type=\"widget\" data-widget_type=\"image-box.default\">\n\t\t\t\t\t<div class=\"elementor-image-box-wrapper\"><figure class=\"elementor-image-box-img\"><img fetchpriority=\"high\" decoding=\"async\" width=\"2358\" height=\"1328\" src=\"https:\/\/dev1.thermengemeinschaft.de\/wp-content\/uploads\/2025\/12\/europatherme-therme.jpg\" class=\"attachment-full size-full wp-image-519\" alt=\"\" srcset=\"https:\/\/dev1.thermengemeinschaft.de\/wp-content\/uploads\/2025\/12\/europatherme-therme.jpg 2358w, https:\/\/dev1.thermengemeinschaft.de\/wp-content\/uploads\/2025\/12\/europatherme-therme-300x169.jpg 300w, https:\/\/dev1.thermengemeinschaft.de\/wp-content\/uploads\/2025\/12\/europatherme-therme-1024x577.jpg 1024w, https:\/\/dev1.thermengemeinschaft.de\/wp-content\/uploads\/2025\/12\/europatherme-therme-768x433.jpg 768w, https:\/\/dev1.thermengemeinschaft.de\/wp-content\/uploads\/2025\/12\/europatherme-therme-1536x865.jpg 1536w, https:\/\/dev1.thermengemeinschaft.de\/wp-content\/uploads\/2025\/12\/europatherme-therme-2048x1153.jpg 2048w\" sizes=\"(max-width: 2358px) 100vw, 2358px\" \/><\/figure><div class=\"elementor-image-box-content\"><h3 class=\"elementor-image-box-title\">Kaiser Therme<\/h3><p class=\"elementor-image-box-description\">Die Kaiser Therme ...<\/p><\/div><\/div>\t\t\t\t<\/div>\n\t\t\t\t<\/div>\n\t\t<div class=\"elementor-element elementor-element-3b8824c e-con-full e-flex e-con e-child\" data-id=\"3b8824c\" data-element_type=\"container\">\n\t\t\t\t<div class=\"elementor-element elementor-element-3fa8f26 elementor-position-top elementor-widget elementor-widget-image-box\" data-id=\"3fa8f26\" data-element_type=\"widget\" data-widget_type=\"image-box.default\">\n\t\t\t\t\t<div class=\"elementor-image-box-wrapper\"><figure class=\"elementor-image-box-img\"><img decoding=\"async\" width=\"1024\" height=\"658\" src=\"https:\/\/dev1.thermengemeinschaft.de\/wp-content\/uploads\/2025\/12\/wohlfuehltherme.jpg\" class=\"attachment-full size-full wp-image-520\" alt=\"\" srcset=\"https:\/\/dev1.thermengemeinschaft.de\/wp-content\/uploads\/2025\/12\/wohlfuehltherme.jpg 1024w, https:\/\/dev1.thermengemeinschaft.de\/wp-content\/uploads\/2025\/12\/wohlfuehltherme-300x193.jpg 300w, https:\/\/dev1.thermengemeinschaft.de\/wp-content\/uploads\/2025\/12\/wohlfuehltherme-768x494.jpg 768w\" sizes=\"(max-width: 1024px) 100vw, 1024px\" \/><\/figure><div class=\"elementor-image-box-content\"><h3 class=\"elementor-image-box-title\">Limes-Therme<\/h3><p class=\"elementor-image-box-description\">Die Limes Therme ...<\/p><\/div><\/div>\t\t\t\t<\/div>\n\t\t\t\t<\/div>\n\t\t\t\t\t<\/div>\n\t\t\t\t<\/div>\n\t\t<div class=\"elementor-element elementor-element-f769278 e-flex e-con-boxed e-con e-parent\" data-id=\"f769278\" data-element_type=\"container\">\n\t\t\t\t\t<div class=\"e-con-inner\">\n\t\t\t\t<div class=\"elementor-element elementor-element-ad4eecc elementor-widget elementor-widget-heading\" data-id=\"ad4eecc\" data-element_type=\"widget\" data-widget_type=\"heading.default\">\n\t\t\t\t\t<h2 class=\"elementor-heading-title elementor-size-default\">Veranstaltungen<\/h2>\t\t\t\t<\/div>\n\t\t\t\t\t<\/div>\n\t\t\t\t<\/div>\n\t\t<div class=\"elementor-element elementor-element-825a567 e-flex e-con-boxed e-con e-parent\" data-id=\"825a567\" data-element_type=\"container\">\n\t\t\t\t\t<div class=\"e-con-inner\">\n\t\t\t\t<div class=\"elementor-element elementor-element-1b3cf83 elementor-widget elementor-widget-heading\" data-id=\"1b3cf83\" data-element_type=\"widget\" data-widget_type=\"heading.default\">\n\t\t\t\t\t<h2 class=\"elementor-heading-title elementor-size-default\">Angebote<\/h2>\t\t\t\t<\/div>\n\t\t<div class=\"elementor-element elementor-element-78e30b0 e-grid e-con-full e-con e-child\" data-id=\"78e30b0\" data-element_type=\"container\">\n\t\t\t\t<div class=\"elementor-element elementor-element-664416a elementor-invisible elementor-widget elementor-widget-price-table\" data-id=\"664416a\" data-element_type=\"widget\" data-settings=\"{&quot;_animation&quot;:&quot;fadeInUp&quot;}\" data-widget_type=\"price-table.default\">\n\t\t\t\t\t\n\t\t<div class=\"elementor-price-table\">\n\t\t\t\t\t\t\t<div class=\"elementor-price-table__header\">\n\t\t\t\t\t\t\t\t\t\t\t<h3 class=\"elementor-price-table__heading\">\n\t\t\t\t\t\tSplash &amp; Beats\t\t\t\t\t\t<\/h3>\n\t\t\t\t\t\n\t\t\t\t\t\t\t\t\t<\/div>\n\t\t\t\n\t\t\t<div class=\"elementor-price-table__price\">\n\t\t\t\t\t\t\t\t<span class=\"elementor-price-table__currency\">&#128;<\/span>\t\t\t\t\t\t\t\t\t<span class=\"elementor-price-table__integer-part\">\n\t\t\t\t\t\t15\t\t\t\t\t<\/span>\n\t\t\t\t\n\t\t\t\t\t\t\t\t\t<div class=\"elementor-price-table__after-price\">\n\t\t\t\t\t\t<span class=\"elementor-price-table__fractional-part\">\n\t\t\t\t\t\t\t50\t\t\t\t\t\t<\/span>\n\n\t\t\t\t\t\t\t\t\t\t\t<\/div>\n\t\t\t\t\n\t\t\t\t\n\t\t\t\t\t\t\t<\/div>\n\n\t\t\t\t\t\t\t<ul class=\"elementor-price-table__features-list\">\n\t\t\t\t\t\t\t\t\t\t\t<li class=\"elementor-repeater-item-95c5609\">\n\t\t\t\t\t\t\t<div class=\"elementor-price-table__feature-inner\">\n\t\t\t\t\t\t\t\t\t\t\t\t\t\t\t\t\t\t\t\t\t\t\t\t\t<span >\n\t\t\t\t\t\t\t\t\t\tTherme &amp; Sauna\t\t\t\t\t\t\t\t\t<\/span>\n\t\t\t\t\t\t\t\t\t\t\t\t\t\t\t\t<\/div>\n\t\t\t\t\t\t<\/li>\n\t\t\t\t\t\t\t\t\t\t\t<li class=\"elementor-repeater-item-60e3b6b\">\n\t\t\t\t\t\t\t<div class=\"elementor-price-table__feature-inner\">\n\t\t\t\t\t\t\t\t\t\t\t\t\t\t\t\t\t\t\t\t\t\t\t\t\t<span >\n\t\t\t\t\t\t\t\t\t\tCocktails\t\t\t\t\t\t\t\t\t<\/span>\n\t\t\t\t\t\t\t\t\t\t\t\t\t\t\t\t<\/div>\n\t\t\t\t\t\t<\/li>\n\t\t\t\t\t\t\t\t\t\t\t<li class=\"elementor-repeater-item-7b9db89\">\n\t\t\t\t\t\t\t<div class=\"elementor-price-table__feature-inner\">\n\t\t\t\t\t\t\t\t\t\t\t\t\t\t\t\t\t\t\t\t\t\t\t\t\t<span >\n\t\t\t\t\t\t\t\t\t\tMusik\t\t\t\t\t\t\t\t\t<\/span>\n\t\t\t\t\t\t\t\t\t\t\t\t\t\t\t\t<\/div>\n\t\t\t\t\t\t<\/li>\n\t\t\t\t\t\t\t\t\t<\/ul>\n\t\t\t\n\t\t\t\t\t\t\t<div class=\"elementor-price-table__footer\">\n\t\t\t\t\t\t\t\t\t\t\t<a class=\"elementor-price-table__button elementor-button elementor-size-md\" href=\"#\">\n\t\t\t\t\t\t\tTicket kaufen\t\t\t\t\t\t<\/a>\n\t\t\t\t\t\n\t\t\t\t\t\t\t\t\t<\/div>\n\t\t\t\t\t<\/div>\n\n\t\t\t\t\t\t<\/div>\n\t\t\t\t<div class=\"elementor-element elementor-element-5f71bec elementor-invisible elementor-widget elementor-widget-price-table\" data-id=\"5f71bec\" data-element_type=\"widget\" data-settings=\"{&quot;_animation&quot;:&quot;fadeInDown&quot;}\" data-widget_type=\"price-table.default\">\n\t\t\t\t\t\n\t\t<div class=\"elementor-price-table\">\n\t\t\t\t\t\t\t<div class=\"elementor-price-table__header\">\n\t\t\t\t\t\t\t\t\t\t\t<h3 class=\"elementor-price-table__heading\">\n\t\t\t\t\t\tLazy Monday\t\t\t\t\t\t<\/h3>\n\t\t\t\t\t\n\t\t\t\t\t\t\t\t\t<\/div>\n\t\t\t\n\t\t\t<div class=\"elementor-price-table__price\">\n\t\t\t\t\t\t\t\t<span class=\"elementor-price-table__currency\">&#128;<\/span>\t\t\t\t\t\t\t\t\t<span class=\"elementor-price-table__integer-part\">\n\t\t\t\t\t\t29\t\t\t\t\t<\/span>\n\t\t\t\t\n\t\t\t\t\t\t\t\t\t<div class=\"elementor-price-table__after-price\">\n\t\t\t\t\t\t<span class=\"elementor-price-table__fractional-part\">\n\t\t\t\t\t\t\t00\t\t\t\t\t\t<\/span>\n\n\t\t\t\t\t\t\t\t\t\t\t<\/div>\n\t\t\t\t\n\t\t\t\t\n\t\t\t\t\t\t\t<\/div>\n\n\t\t\t\t\t\t\t<ul class=\"elementor-price-table__features-list\">\n\t\t\t\t\t\t\t\t\t\t\t<li class=\"elementor-repeater-item-95c5609\">\n\t\t\t\t\t\t\t<div class=\"elementor-price-table__feature-inner\">\n\t\t\t\t\t\t\t\t\t\t\t\t\t\t\t\t\t\t\t\t\t\t\t\t\t<span >\n\t\t\t\t\t\t\t\t\t\tTherme &amp; Sauna\t\t\t\t\t\t\t\t\t<\/span>\n\t\t\t\t\t\t\t\t\t\t\t\t\t\t\t\t<\/div>\n\t\t\t\t\t\t<\/li>\n\t\t\t\t\t\t\t\t\t\t\t<li class=\"elementor-repeater-item-0cfdd18\">\n\t\t\t\t\t\t\t<div class=\"elementor-price-table__feature-inner\">\n\t\t\t\t\t\t\t\t\t\t\t\t\t\t\t\t\t\t\t\t\t\t\t\t\t<span >\n\t\t\t\t\t\t\t\t\t\tTageskarte\t\t\t\t\t\t\t\t\t<\/span>\n\t\t\t\t\t\t\t\t\t\t\t\t\t\t\t\t<\/div>\n\t\t\t\t\t\t<\/li>\n\t\t\t\t\t\t\t\t\t\t\t<li class=\"elementor-repeater-item-df1fd07\">\n\t\t\t\t\t\t\t<div class=\"elementor-price-table__feature-inner\">\n\t\t\t\t\t\t\t\t\t\t\t\t\t\t\t\t\t\t\t\t\t\t\t\t\t<span >\n\t\t\t\t\t\t\t\t\t\tab 1.12. nur montags\t\t\t\t\t\t\t\t\t<\/span>\n\t\t\t\t\t\t\t\t\t\t\t\t\t\t\t\t<\/div>\n\t\t\t\t\t\t<\/li>\n\t\t\t\t\t\t\t\t\t<\/ul>\n\t\t\t\n\t\t\t\t\t\t\t<div class=\"elementor-price-table__footer\">\n\t\t\t\t\t\t\t\t\t\t\t<a class=\"elementor-price-table__button elementor-button elementor-size-md\" href=\"#\">\n\t\t\t\t\t\t\tTicket kaufen\t\t\t\t\t\t<\/a>\n\t\t\t\t\t\n\t\t\t\t\t\t\t\t\t<\/div>\n\t\t\t\t\t<\/div>\n\n\t\t\t\t\t\t<\/div>\n\t\t\t\t<div class=\"elementor-element elementor-element-5f91556 elementor-invisible elementor-widget elementor-widget-price-table\" data-id=\"5f91556\" data-element_type=\"widget\" data-settings=\"{&quot;_animation&quot;:&quot;fadeInUp&quot;}\" data-widget_type=\"price-table.default\">\n\t\t\t\t\t\n\t\t<div class=\"elementor-price-table\">\n\t\t\t\t\t\t\t<div class=\"elementor-price-table__header\">\n\t\t\t\t\t\t\t\t\t\t\t<h3 class=\"elementor-price-table__heading\">\n\t\t\t\t\t\tWinter- zauber\t\t\t\t\t\t<\/h3>\n\t\t\t\t\t\n\t\t\t\t\t\t\t\t\t<\/div>\n\t\t\t\n\t\t\t<div class=\"elementor-price-table__price\">\n\t\t\t\t\t\t\t\t<span class=\"elementor-price-table__currency\">&#128;<\/span>\t\t\t\t\t\t\t\t\t<span class=\"elementor-price-table__integer-part\">\n\t\t\t\t\t\t34\t\t\t\t\t<\/span>\n\t\t\t\t\n\t\t\t\t\t\t\t\t\t<div class=\"elementor-price-table__after-price\">\n\t\t\t\t\t\t<span class=\"elementor-price-table__fractional-part\">\n\t\t\t\t\t\t\t00\t\t\t\t\t\t<\/span>\n\n\t\t\t\t\t\t\t\t\t\t\t<\/div>\n\t\t\t\t\n\t\t\t\t\n\t\t\t\t\t\t\t<\/div>\n\n\t\t\t\t\t\t\t<ul class=\"elementor-price-table__features-list\">\n\t\t\t\t\t\t\t\t\t\t\t<li class=\"elementor-repeater-item-95c5609\">\n\t\t\t\t\t\t\t<div class=\"elementor-price-table__feature-inner\">\n\t\t\t\t\t\t\t\t\t\t\t\t\t\t\t\t\t\t\t\t\t\t\t\t\t<span >\n\t\t\t\t\t\t\t\t\t\tMassage\t\t\t\t\t\t\t\t\t<\/span>\n\t\t\t\t\t\t\t\t\t\t\t\t\t\t\t\t<\/div>\n\t\t\t\t\t\t<\/li>\n\t\t\t\t\t\t\t\t\t\t\t<li class=\"elementor-repeater-item-0cfdd18\">\n\t\t\t\t\t\t\t<div class=\"elementor-price-table__feature-inner\">\n\t\t\t\t\t\t\t\t\t\t\t\t\t\t\t\t\t\t\t\t\t\t\t\t\t<span >\n\t\t\t\t\t\t\t\t\t\t25 Minuten\t\t\t\t\t\t\t\t\t<\/span>\n\t\t\t\t\t\t\t\t\t\t\t\t\t\t\t\t<\/div>\n\t\t\t\t\t\t<\/li>\n\t\t\t\t\t\t\t\t\t\t\t<li class=\"elementor-repeater-item-df1fd07\">\n\t\t\t\t\t\t\t<div class=\"elementor-price-table__feature-inner\">\n\t\t\t\t\t\t\t\t\t\t\t\t\t\t\t\t\t\t\t\t\t\t\t\t\t<span >\n\t\t\t\t\t\t\t\t\t\tGutschein zum Verschenken\t\t\t\t\t\t\t\t\t<\/span>\n\t\t\t\t\t\t\t\t\t\t\t\t\t\t\t\t<\/div>\n\t\t\t\t\t\t<\/li>\n\t\t\t\t\t\t\t\t\t<\/ul>\n\t\t\t\n\t\t\t\t\t\t\t<div class=\"elementor-price-table__footer\">\n\t\t\t\t\t\t\t\t\t\t\t<a class=\"elementor-price-table__button elementor-button elementor-size-md\" href=\"#\">\n\t\t\t\t\t\t\tGutschein kaufen\t\t\t\t\t\t<\/a>\n\t\t\t\t\t\n\t\t\t\t\t\t\t\t\t<\/div>\n\t\t\t\t\t<\/div>\n\n\t\t\t\t\t\t<\/div>\n\t\t\t\t<\/div>\n\t\t\t\t\t<\/div>\n\t\t\t\t<\/div>\n\t\t<div class=\"elementor-element elementor-element-592f7e4 e-flex e-con-boxed e-con e-parent\" data-id=\"592f7e4\" data-element_type=\"container\">\n\t\t\t\t\t<div class=\"e-con-inner\">\n\t\t\t\t<div class=\"elementor-element elementor-element-de45013 elementor-widget elementor-widget-heading\" data-id=\"de45013\" data-element_type=\"widget\" data-widget_type=\"heading.default\">\n\t\t\t\t\t<h2 class=\"elementor-heading-title elementor-size-default\">Karriere<\/h2>\t\t\t\t<\/div>\n\t\t\t\t\t<\/div>\n\t\t\t\t<\/div>\n\t\t\t\t<\/div>\n\t\t","protected":false},"excerpt":{"rendered":"<p>Europa Therme Die Europa Therme Bad F\u00fcssing: Wellnessoase in Bayern mit 17 Thermalbecken (27-40\u00b0C), Sauna, Massagen. Wohlf\u00fchl-Therme Wohlf\u00fchl-Therme Bad Griesbach: Nutzt besonders hei\u00dfes (ca. 60\u00b0C) Mineralwasser aus der tiefen Nikolausquelle. Das Thermalwasser wirkt vitalisierend, st\u00e4rkend und entspannend. Rottal Terme Therme mit \u00fcber 30 Thermalbecken (26-40\u00b0C), 13 Saunen\/Dampfb\u00e4dern und einem 105 m langen Thermenbach. Bietet Wellness, [&hellip;]<\/p>\n","protected":false},"author":1,"featured_media":0,"parent":0,"menu_order":0,"comment_status":"closed","ping_status":"closed","template":"elementor_header_footer","meta":{"footnotes":""},"class_list":["post-416","page","type-page","status-publish","hentry"],"_links":{"self":[{"href":"https:\/\/dev1.thermengemeinschaft.de\/index.php?rest_route=\/wp\/v2\/pages\/416","targetHints":{"allow":["GET"]}}],"collection":[{"href":"https:\/\/dev1.thermengemeinschaft.de\/index.php?rest_route=\/wp\/v2\/pages"}],"about":[{"href":"https:\/\/dev1.thermengemeinschaft.de\/index.php?rest_route=\/wp\/v2\/types\/page"}],"author":[{"embeddable":true,"href":"https:\/\/dev1.thermengemeinschaft.de\/index.php?rest_route=\/wp\/v2\/users\/1"}],"replies":[{"embeddable":true,"href":"https:\/\/dev1.thermengemeinschaft.de\/index.php?rest_route=%2Fwp%2Fv2%2Fcomments&post=416"}],"version-history":[{"count":0,"href":"https:\/\/dev1.thermengemeinschaft.de\/index.php?rest_route=\/wp\/v2\/pages\/416\/revisions"}],"wp:attachment":[{"href":"https:\/\/dev1.thermengemeinschaft.de\/index.php?rest_route=%2Fwp%2Fv2%2Fmedia&parent=416"}],"curies":[{"name":"wp","href":"https:\/\/api.w.org\/{rel}","templated":true}]}}