{"id":174,"date":"2025-12-18T13:35:25","date_gmt":"2025-12-18T13:35:25","guid":{"rendered":"https:\/\/dev1.thermengemeinschaft.de\/?page_id=174"},"modified":"2025-12-18T16:00:46","modified_gmt":"2025-12-18T16:00:46","slug":"europa-therme","status":"publish","type":"page","link":"https:\/\/dev1.thermengemeinschaft.de\/?page_id=174","title":{"rendered":"Wohlf\u00fchl-Therme"},"content":{"rendered":"\t\t<div data-elementor-type=\"wp-page\" data-elementor-id=\"174\" class=\"elementor elementor-174\" data-elementor-post-type=\"page\">\n\t\t\t\t<div class=\"elementor-element elementor-element-e4e4fb6 e-con-full e-flex e-con e-parent\" data-id=\"e4e4fb6\" data-element_type=\"container\" data-settings=\"{&quot;background_background&quot;:&quot;slideshow&quot;,&quot;background_slideshow_gallery&quot;:[],&quot;background_slideshow_slide_duration&quot;:5000,&quot;background_slideshow_slide_transition&quot;:&quot;fade&quot;,&quot;background_slideshow_transition_duration&quot;:500}\">\n\t\t\t\t<div class=\"elementor-element elementor-element-405e508 elementor-widget elementor-widget-heading\" data-id=\"405e508\" data-element_type=\"widget\" data-widget_type=\"heading.default\">\n\t\t\t\t\t<h2 class=\"elementor-heading-title elementor-size-default\">Wohlf\u00fchl-Therme Bad Griesbach<\/h2>\t\t\t\t<\/div>\n\t\t\t\t<\/div>\n\t\t<div class=\"elementor-element elementor-element-f35b8b8 e-flex e-con-boxed e-con e-parent\" data-id=\"f35b8b8\" data-element_type=\"container\">\n\t\t\t\t\t<div class=\"e-con-inner\">\n\t\t\t\t<div class=\"elementor-element elementor-element-4c8af8b elementor-widget elementor-widget-text-editor\" data-id=\"4c8af8b\" data-element_type=\"widget\" data-widget_type=\"text-editor.default\">\n\t\t\t\t\t\t\t\t\t<div class=\"sc_item_descr sc_title_descr sc_align_center\"><p>Sch\u00f6pfen Sie neue Kraft im hei\u00dfen Wasser der Bad Griesbacher Mineralquellen. Tanken Sie Energie aus der heilenden Kraft des Thermalwassers. In unserem Haus wird vorwiegend das Wasser der Nikolausquelle (1522 Meter) genutzt, das mit einer Temperatur von ca. 60 \u00b0 an die Oberfl\u00e4che steigt.<\/p><p>Das hei\u00dfe Wasser \u2013 das \u201efl\u00fcssige\u201c Gold des Rottals!<\/p><p>Das Thermal-Mineral Wasser ist anregend und entspannend zugleich. In der Wohlf\u00fchl-Therme ist das Gold des Rottals das Gold f\u00fcr Ihre Gesundheit. Das Wasser vitalisiert, st\u00e4rkt, beruhigt, reinigt und entspannt.<\/p><\/div>\t\t\t\t\t\t\t\t<\/div>\n\t\t\t\t\t<\/div>\n\t\t\t\t<\/div>\n\t\t<div class=\"elementor-element elementor-element-eda8962 e-flex e-con-boxed e-con e-parent\" data-id=\"eda8962\" data-element_type=\"container\">\n\t\t\t\t\t<div class=\"e-con-inner\">\n\t\t<div class=\"elementor-element elementor-element-9629f57 e-con-full e-flex e-con e-child\" data-id=\"9629f57\" data-element_type=\"container\">\n\t\t\t\t<div class=\"elementor-element elementor-element-6a3757e elementor-widget elementor-widget-heading\" data-id=\"6a3757e\" data-element_type=\"widget\" data-widget_type=\"heading.default\">\n\t\t\t\t\t<h2 class=\"elementor-heading-title elementor-size-default\">Angebote<\/h2>\t\t\t\t<\/div>\n\t\t\t\t<\/div>\n\t\t<div class=\"elementor-element elementor-element-bd69bfc e-con-full e-flex e-con e-child\" data-id=\"bd69bfc\" data-element_type=\"container\">\n\t\t\t\t<div class=\"elementor-element elementor-element-9e7193e elementor-position-top elementor-widget elementor-widget-image-box\" data-id=\"9e7193e\" data-element_type=\"widget\" data-widget_type=\"image-box.default\">\n\t\t\t\t\t<div class=\"elementor-image-box-wrapper\"><figure class=\"elementor-image-box-img\"><img fetchpriority=\"high\" decoding=\"async\" width=\"768\" height=\"513\" src=\"https:\/\/dev1.thermengemeinschaft.de\/wp-content\/uploads\/2025\/12\/platzhalterp-768x513.webp\" class=\"attachment-medium_large size-medium_large wp-image-542\" alt=\"\" srcset=\"https:\/\/dev1.thermengemeinschaft.de\/wp-content\/uploads\/2025\/12\/platzhalterp-768x513.webp 768w, https:\/\/dev1.thermengemeinschaft.de\/wp-content\/uploads\/2025\/12\/platzhalterp-300x200.webp 300w, https:\/\/dev1.thermengemeinschaft.de\/wp-content\/uploads\/2025\/12\/platzhalterp.webp 800w\" sizes=\"(max-width: 768px) 100vw, 768px\" \/><\/figure><div class=\"elementor-image-box-content\"><h3 class=\"elementor-image-box-title\">Angebot<\/h3><p class=\"elementor-image-box-description\">Lorem ipsum dolor sit amet, consectetur adipiscing elit. Ut elit tellus, luctus nec ullamcorper mattis, pulvinar dapibus leo.<\/p><\/div><\/div>\t\t\t\t<\/div>\n\t\t\t\t<\/div>\n\t\t<div class=\"elementor-element elementor-element-f5ce25f e-con-full e-flex e-con e-child\" data-id=\"f5ce25f\" data-element_type=\"container\">\n\t\t\t\t<div class=\"elementor-element elementor-element-437203a elementor-position-top elementor-widget elementor-widget-image-box\" data-id=\"437203a\" data-element_type=\"widget\" data-widget_type=\"image-box.default\">\n\t\t\t\t\t<div class=\"elementor-image-box-wrapper\"><figure class=\"elementor-image-box-img\"><img fetchpriority=\"high\" decoding=\"async\" width=\"768\" height=\"513\" src=\"https:\/\/dev1.thermengemeinschaft.de\/wp-content\/uploads\/2025\/12\/platzhalterp-768x513.webp\" class=\"attachment-medium_large size-medium_large wp-image-542\" alt=\"\" srcset=\"https:\/\/dev1.thermengemeinschaft.de\/wp-content\/uploads\/2025\/12\/platzhalterp-768x513.webp 768w, https:\/\/dev1.thermengemeinschaft.de\/wp-content\/uploads\/2025\/12\/platzhalterp-300x200.webp 300w, https:\/\/dev1.thermengemeinschaft.de\/wp-content\/uploads\/2025\/12\/platzhalterp.webp 800w\" sizes=\"(max-width: 768px) 100vw, 768px\" \/><\/figure><div class=\"elementor-image-box-content\"><h3 class=\"elementor-image-box-title\">Angebot<\/h3><p class=\"elementor-image-box-description\">Lorem ipsum dolor sit amet, consectetur adipiscing elit. Ut elit tellus, luctus nec ullamcorper mattis, pulvinar dapibus leo.<\/p><\/div><\/div>\t\t\t\t<\/div>\n\t\t\t\t<\/div>\n\t\t<div class=\"elementor-element elementor-element-cf7fcd6 e-con-full e-flex e-con e-child\" data-id=\"cf7fcd6\" data-element_type=\"container\">\n\t\t\t\t<div class=\"elementor-element elementor-element-0091fd7 elementor-position-top elementor-widget elementor-widget-image-box\" data-id=\"0091fd7\" data-element_type=\"widget\" data-widget_type=\"image-box.default\">\n\t\t\t\t\t<div class=\"elementor-image-box-wrapper\"><figure class=\"elementor-image-box-img\"><img fetchpriority=\"high\" decoding=\"async\" width=\"768\" height=\"513\" src=\"https:\/\/dev1.thermengemeinschaft.de\/wp-content\/uploads\/2025\/12\/platzhalterp-768x513.webp\" class=\"attachment-medium_large size-medium_large wp-image-542\" alt=\"\" srcset=\"https:\/\/dev1.thermengemeinschaft.de\/wp-content\/uploads\/2025\/12\/platzhalterp-768x513.webp 768w, https:\/\/dev1.thermengemeinschaft.de\/wp-content\/uploads\/2025\/12\/platzhalterp-300x200.webp 300w, https:\/\/dev1.thermengemeinschaft.de\/wp-content\/uploads\/2025\/12\/platzhalterp.webp 800w\" sizes=\"(max-width: 768px) 100vw, 768px\" \/><\/figure><div class=\"elementor-image-box-content\"><h3 class=\"elementor-image-box-title\">Angebot<\/h3><p class=\"elementor-image-box-description\">Lorem ipsum dolor sit amet, consectetur adipiscing elit. Ut elit tellus, luctus nec ullamcorper mattis, pulvinar dapibus leo.<\/p><\/div><\/div>\t\t\t\t<\/div>\n\t\t\t\t<\/div>\n\t\t\t\t\t<\/div>\n\t\t\t\t<\/div>\n\t\t\t\t<\/div>\n\t\t","protected":false},"excerpt":{"rendered":"<p>Wohlf\u00fchl-Therme Bad Griesbach Sch\u00f6pfen Sie neue Kraft im hei\u00dfen Wasser der Bad Griesbacher Mineralquellen. Tanken Sie Energie aus der heilenden Kraft des Thermalwassers. In unserem Haus wird vorwiegend das Wasser der Nikolausquelle (1522 Meter) genutzt, das mit einer Temperatur von ca. 60 \u00b0 an die Oberfl\u00e4che steigt. Das hei\u00dfe Wasser \u2013 das \u201efl\u00fcssige\u201c Gold des [&hellip;]<\/p>\n","protected":false},"author":1,"featured_media":0,"parent":0,"menu_order":0,"comment_status":"closed","ping_status":"closed","template":"","meta":{"footnotes":""},"class_list":["post-174","page","type-page","status-publish","hentry"],"_links":{"self":[{"href":"https:\/\/dev1.thermengemeinschaft.de\/index.php?rest_route=\/wp\/v2\/pages\/174","targetHints":{"allow":["GET"]}}],"collection":[{"href":"https:\/\/dev1.thermengemeinschaft.de\/index.php?rest_route=\/wp\/v2\/pages"}],"about":[{"href":"https:\/\/dev1.thermengemeinschaft.de\/index.php?rest_route=\/wp\/v2\/types\/page"}],"author":[{"embeddable":true,"href":"https:\/\/dev1.thermengemeinschaft.de\/index.php?rest_route=\/wp\/v2\/users\/1"}],"replies":[{"embeddable":true,"href":"https:\/\/dev1.thermengemeinschaft.de\/index.php?rest_route=%2Fwp%2Fv2%2Fcomments&post=174"}],"version-history":[{"count":0,"href":"https:\/\/dev1.thermengemeinschaft.de\/index.php?rest_route=\/wp\/v2\/pages\/174\/revisions"}],"wp:attachment":[{"href":"https:\/\/dev1.thermengemeinschaft.de\/index.php?rest_route=%2Fwp%2Fv2%2Fmedia&parent=174"}],"curies":[{"name":"wp","href":"https:\/\/api.w.org\/{rel}","templated":true}]}}